{"id":497,"date":"2022-02-21T12:44:08","date_gmt":"2022-02-21T12:44:08","guid":{"rendered":"https:\/\/arquitectoni-k.com.mx\/AQ\/services\/"},"modified":"2023-05-30T23:41:26","modified_gmt":"2023-05-30T23:41:26","slug":"services","status":"publish","type":"page","link":"https:\/\/arquitectoni-k.com.mx\/AQ\/services\/","title":{"rendered":"Servicios"},"content":{"rendered":"\n<div class=\"wp-block-uagb-container uagb-block-eb7cfe79 alignfull uagb-is-root-container\"><div class=\"uagb-container-inner-blocks-wrap\">\n<div class=\"wp-block-uagb-advanced-heading uagb-block-29fc6077\"><h1 class=\"uagb-heading-text\">nuestros servicios<\/h1><\/div>\n<\/div><\/div>\n\n\n\n<div class=\"wp-block-uagb-container uagb-block-0a54cada alignfull uagb-is-root-container\"><div class=\"uagb-container-inner-blocks-wrap\">\n<div class=\"wp-block-uagb-advanced-heading uagb-block-61c6de98\"><h2 class=\"uagb-heading-text\">Servicios de Calidad<\/h2><\/div>\n\n\n\n<div class=\"wp-block-uagb-container uagb-block-bbc1015f\">\n<div class=\"wp-block-uagb-container uagb-block-d792843c\">\n<div class=\"wp-block-uagb-info-box uagb-block-c8e1152f uagb-infobox__content-wrap  uagb-infobox-icon-above-title uagb-infobox-image-valign-top\"><div class=\"uagb-ifb-content\"><div class=\"uagb-ifb-image-content\"><img decoding=\"async\" src=\"https:\/\/arquitectoni-k.com.mx\/AQ\/wp-content\/uploads\/2021\/11\/service-1.jpg\" alt=\"\" width=\"380\" height=\"250\" loading=\"lazy\"\/><\/div><div class=\"uagb-ifb-title-wrap\"><h3 class=\"uagb-ifb-title\">Urbanizaci\u00f3n<\/h3><\/div><p class=\"uagb-ifb-desc\">Calles, terracer\u00edas, Guarniciones, Banquetas, Redes de Agua Potable, Redes de Drenaje Sanitario, Jardiner\u00eda,\u00a0 Canalizaci\u00f3n\u00a0 telef\u00f3nica, Alumbrado P\u00fablico y Obra El\u00e9ctrica de baja y media tensi\u00f3n.<\/p><div class=\"uagb-ifb-button-wrapper wp-block-button\"><a href=\"\" target=\"_self\" onclick=\"return false;\" class=\"uagb-infobox-cta-link\" rel=\"noopener noreferrer\" alt=\"\"><span class=\"uagb-inline-editing\">Leer m\u00e1s<\/span><svg xmlns=\"https:\/\/www.w3.org\/2000\/svg\" viewBox=\"0 0 512 512\"><path d=\"M504.3 273.6l-112.1 104c-6.992 6.484-17.18 8.218-25.94 4.406c-8.758-3.812-14.42-12.45-14.42-21.1L351.9 288H32C14.33 288 .0002 273.7 .0002 255.1S14.33 224 32 224h319.9l0-72c0-9.547 5.66-18.19 14.42-22c8.754-3.809 18.95-2.075 25.94 4.41l112.1 104C514.6 247.9 514.6 264.1 504.3 273.6z\"><\/path><\/svg><\/a><\/div><\/div><\/div>\n<\/div>\n\n\n\n<div class=\"wp-block-uagb-container uagb-block-d2fd0f5a\">\n<div class=\"wp-block-uagb-info-box uagb-block-6b0a2e1d uagb-infobox__content-wrap  uagb-infobox-icon-above-title uagb-infobox-image-valign-top\"><div class=\"uagb-ifb-content\"><div class=\"uagb-ifb-image-content\"><img decoding=\"async\" src=\"https:\/\/arquitectoni-k.com.mx\/AQ\/wp-content\/uploads\/2021\/11\/service-2.jpg\" alt=\"\" width=\"380\" height=\"250\" loading=\"lazy\"\/><\/div><div class=\"uagb-ifb-title-wrap\"><h3 class=\"uagb-ifb-title\">Vivienda de Inter\u00e9s Social<\/h3><\/div><p class=\"uagb-ifb-desc\">Promoci\u00f3n, Edificaci\u00f3n, Construcci\u00f3n y Desarrollo de Viviendas de Inter\u00e9s Social.<\/p><div class=\"uagb-ifb-button-wrapper wp-block-button\"><a href=\"\" target=\"_self\" onclick=\"return false;\" class=\"uagb-infobox-cta-link\" rel=\"noopener noreferrer\" alt=\"\"><span class=\"uagb-inline-editing\">Leer m\u00e1s<\/span><svg xmlns=\"https:\/\/www.w3.org\/2000\/svg\" viewBox=\"0 0 512 512\"><path d=\"M504.3 273.6l-112.1 104c-6.992 6.484-17.18 8.218-25.94 4.406c-8.758-3.812-14.42-12.45-14.42-21.1L351.9 288H32C14.33 288 .0002 273.7 .0002 255.1S14.33 224 32 224h319.9l0-72c0-9.547 5.66-18.19 14.42-22c8.754-3.809 18.95-2.075 25.94 4.41l112.1 104C514.6 247.9 514.6 264.1 504.3 273.6z\"><\/path><\/svg><\/a><\/div><\/div><\/div>\n<\/div>\n\n\n\n<div class=\"wp-block-uagb-container uagb-block-fb5ed1b2\">\n<div class=\"wp-block-uagb-info-box uagb-block-5ccd6ddc uagb-infobox__content-wrap  uagb-infobox-icon-above-title uagb-infobox-image-valign-top\"><div class=\"uagb-ifb-content\"><div class=\"uagb-ifb-image-content\"><img decoding=\"async\" src=\"https:\/\/arquitectoni-k.com.mx\/AQ\/wp-content\/uploads\/2021\/11\/service-3.jpg\" alt=\"\" width=\"380\" height=\"250\" loading=\"lazy\"\/><\/div><div class=\"uagb-ifb-title-wrap\"><h3 class=\"uagb-ifb-title\">Infraestructura Carretera<\/h3><\/div><p class=\"uagb-ifb-desc\">Construcci\u00f3n, Reconstrucci\u00f3n, Ampliaci\u00f3n y Obras Complementarias de Carreteras y Puentes (P.I.V, P.S.V, Peatonales).<\/p><div class=\"uagb-ifb-button-wrapper wp-block-button\"><a href=\"\" target=\"_self\" onclick=\"return false;\" class=\"uagb-infobox-cta-link\" rel=\"noopener noreferrer\" alt=\"\"><span class=\"uagb-inline-editing\">Leer m\u00e1s<\/span><svg xmlns=\"https:\/\/www.w3.org\/2000\/svg\" viewBox=\"0 0 512 512\"><path d=\"M504.3 273.6l-112.1 104c-6.992 6.484-17.18 8.218-25.94 4.406c-8.758-3.812-14.42-12.45-14.42-21.1L351.9 288H32C14.33 288 .0002 273.7 .0002 255.1S14.33 224 32 224h319.9l0-72c0-9.547 5.66-18.19 14.42-22c8.754-3.809 18.95-2.075 25.94 4.41l112.1 104C514.6 247.9 514.6 264.1 504.3 273.6z\"><\/path><\/svg><\/a><\/div><\/div><\/div>\n<\/div>\n<\/div>\n<\/div><\/div>\n\n\n\n<div class=\"wp-block-uagb-container uagb-block-73db21d6 alignfull uagb-is-root-container\"><div class=\"uagb-container-inner-blocks-wrap\"><\/div><\/div>\n","protected":false},"excerpt":{"rendered":"<p>nuestros servicios Servicios de Calidad<\/p>\n","protected":false},"author":1,"featured_media":0,"parent":0,"menu_order":0,"comment_status":"closed","ping_status":"closed","template":"","meta":{"_uag_custom_page_level_css":"","site-sidebar-layout":"no-sidebar","site-content-layout":"plain-container","ast-global-header-display":"","ast-banner-title-visibility":"","ast-main-header-display":"","ast-hfb-above-header-display":"","ast-hfb-below-header-display":"","ast-hfb-mobile-header-display":"","site-post-title":"disabled","ast-breadcrumbs-content":"","ast-featured-img":"disabled","footer-sml-layout":"","theme-transparent-header-meta":"enabled","adv-header-id-meta":"","stick-header-meta":"","header-above-stick-meta":"","header-main-stick-meta":"","header-below-stick-meta":"","footnotes":""},"class_list":["post-497","page","type-page","status-publish","hentry"],"uagb_featured_image_src":{"full":false,"thumbnail":false,"medium":false,"medium_large":false,"large":false,"1536x1536":false,"2048x2048":false},"uagb_author_info":{"display_name":"Arquitectoni-k","author_link":"https:\/\/arquitectoni-k.com.mx\/AQ\/author\/arquitectoni-k\/"},"uagb_comment_info":0,"uagb_excerpt":"nuestros servicios Servicios de Calidad","_links":{"self":[{"href":"https:\/\/arquitectoni-k.com.mx\/AQ\/wp-json\/wp\/v2\/pages\/497","targetHints":{"allow":["GET"]}}],"collection":[{"href":"https:\/\/arquitectoni-k.com.mx\/AQ\/wp-json\/wp\/v2\/pages"}],"about":[{"href":"https:\/\/arquitectoni-k.com.mx\/AQ\/wp-json\/wp\/v2\/types\/page"}],"author":[{"embeddable":true,"href":"https:\/\/arquitectoni-k.com.mx\/AQ\/wp-json\/wp\/v2\/users\/1"}],"replies":[{"embeddable":true,"href":"https:\/\/arquitectoni-k.com.mx\/AQ\/wp-json\/wp\/v2\/comments?post=497"}],"version-history":[{"count":4,"href":"https:\/\/arquitectoni-k.com.mx\/AQ\/wp-json\/wp\/v2\/pages\/497\/revisions"}],"predecessor-version":[{"id":1190,"href":"https:\/\/arquitectoni-k.com.mx\/AQ\/wp-json\/wp\/v2\/pages\/497\/revisions\/1190"}],"wp:attachment":[{"href":"https:\/\/arquitectoni-k.com.mx\/AQ\/wp-json\/wp\/v2\/media?parent=497"}],"curies":[{"name":"wp","href":"https:\/\/api.w.org\/{rel}","templated":true}]}}