{"id":493,"date":"2022-02-21T12:41:47","date_gmt":"2022-02-21T12:41:47","guid":{"rendered":"https:\/\/arquitectoni-k.com.mx\/AQ\/home\/"},"modified":"2023-05-30T23:37:46","modified_gmt":"2023-05-30T23:37:46","slug":"home","status":"publish","type":"page","link":"https:\/\/arquitectoni-k.com.mx\/AQ\/","title":{"rendered":"Inicio"},"content":{"rendered":"\n<div class=\"wp-block-uagb-container uagb-block-32306167 alignfull uagb-is-root-container\"><div class=\"uagb-container-inner-blocks-wrap\">\n<div class=\"wp-block-uagb-advanced-heading uagb-block-1522af74\"><h3 class=\"uagb-heading-text\">Bienvenidos<\/h3><\/div>\n\n\n\n<div class=\"wp-block-uagb-info-box uagb-block-8830fb5b uagb-infobox__content-wrap  uagb-infobox-icon-above-title uagb-infobox-image-valign-top\"><div class=\"uagb-ifb-content\"><div class=\"uagb-ifb-title-wrap\"><h2 class=\"uagb-ifb-title\">Arquitectoni-k Inmobiliaria<\/h2><\/div><p class=\"uagb-ifb-desc\">Somos una empresa dedicada a la supervisi\u00f3n y coordinaci\u00f3n de proyectos inmobiliarios, al dise\u00f1o arquitect\u00f3nico, dise\u00f1o de ingenier\u00edas, dise\u00f1o urbano, gerencia de proyectos y control de calidad.&nbsp; nuestra actividad est\u00e1 orientada a dar servicio a promotores inmobiliarios, desarrolladores arquitectos y a empresas relacionadas con el dise\u00f1o, la construcci\u00f3n y control de calidad de las obras. la experiencia en el manejo de m\u00faltiples proyectos nos ha distinguido, la experiencia&nbsp;&nbsp;&nbsp; comprobable de sus colaboradores se basa en personal titulado, directores responsables de obra (d.r.o.)&nbsp; y especialistas en materia de vivienda.&nbsp;&nbsp; cuenta con el equipo necesario y con el personal altamente capacitado y experimentado y para la ejecuci\u00f3n y desarrollo de los diferentes proyectos inmobiliarios, lo que nos posiciona como una empresa confiable y de calidad.<br>la experiencia&nbsp; en&nbsp; el&nbsp; ramo&nbsp; de&nbsp; la&nbsp; construcci\u00f3n&nbsp; y&nbsp; desarrollo&nbsp;&nbsp;&nbsp; de&nbsp; viviendas&nbsp; de inter\u00e9s social, proyecto, obra p\u00fablica (v\u00edas terrestres e infraestructuras) y obra privada.<\/p><\/div><\/div>\n\n\n\n<div class=\"wp-block-uagb-buttons uagb-buttons__outer-wrap uagb-btn__default-btn uagb-btn-tablet__default-btn uagb-btn-mobile__default-btn uagb-block-9b8a32aa\"><div class=\"uagb-buttons__wrap uagb-buttons-layout-wrap\">\n<div class=\"wp-block-uagb-buttons-child uagb-buttons__outer-wrap uagb-block-d2412155 wp-block-button is-style-outline\"><div class=\"uagb-button__wrapper\"><a class=\"uagb-buttons-repeater wp-block-button__link has-text-color\" href=\"https:\/\/arquitectoni-k.com.mx\/AQ\/services\/\" onclick=\"return true;\" rel=\"follow noopener\" target=\"_self\"><div class=\"uagb-button__link\">servicios<\/div><\/a><\/div><\/div>\n\n\n\n<div class=\"wp-block-uagb-buttons-child uagb-buttons__outer-wrap uagb-block-0a06c572 wp-block-button is-style-outline\"><div class=\"uagb-button__wrapper\"><a class=\"uagb-buttons-repeater wp-block-button__link has-background has-text-color\" href=\"https:\/\/arquitectoni-k.com.mx\/AQ\/contact\/\" onclick=\"return true;\" rel=\"follow noopener\" target=\"_self\"><div class=\"uagb-button__link\">contacto<\/div><\/a><\/div><\/div>\n<\/div><\/div>\n<\/div><\/div>\n\n\n\n<div class=\"wp-block-uagb-container uag-blocks-common-selector uagb-block-1a3798cb alignfull uagb-is-root-container\"><div class=\"uagb-container-inner-blocks-wrap\">\n<div class=\"wp-block-uagb-container uag-blocks-common-selector uagb-block-453f8e43\">\n<div class=\"wp-block-uagb-container uagb-block-52e203d1\">\n<div class=\"wp-block-uagb-advanced-heading uagb-block-50e2b331\"><h4 class=\"uagb-heading-text\">Construimos el futuro<\/h4><\/div>\n\n\n\n<div class=\"wp-block-uagb-info-box uagb-block-70e3c117 uagb-infobox__content-wrap  uagb-infobox-icon-above-title uagb-infobox-image-valign-top\"><div class=\"uagb-ifb-content\"><div class=\"uagb-ifb-title-wrap\"><h2 class=\"uagb-ifb-title\">Fundada desde el a\u00f1o 2005.<\/h2><\/div><p class=\"uagb-ifb-desc\">Con constancia y compromiso llevamos 18 a\u00f1os y seguiremos avanzando.<\/p><div class=\"uagb-ifb-button-wrapper wp-block-button\"><a href=\"#\" class=\"uagb-infobox-cta-link wp-block-button__link\" target=\"_self\" rel=\"noopener noreferrer\" onclick=\"return false;\" alt=\"\"><span class=\"uagb-inline-editing\">Bolsa de trabajo<\/span><\/a><\/div><\/div><\/div>\n<\/div>\n\n\n\n<div class=\"wp-block-uagb-container uagb-block-e7ba7c79\">\n<div class=\"wp-block-uagb-container uagb-block-fce9cdb5\">\n<div class=\"wp-block-uagb-container uagb-block-e1835ebd\">\n<div class=\"wp-block-uagb-info-box uagb-block-685e5cf3 uagb-infobox__content-wrap  uagb-infobox-icon-above-title uagb-infobox-image-valign-top\"><div class=\"uagb-ifb-content\"><div class=\"uagb-ifb-title-wrap\"><h2 class=\"uagb-ifb-title\">+60<\/h2><\/div><p class=\"uagb-ifb-desc\">Proyectos finalizados satisfactoriamente.<\/p><\/div><\/div>\n<\/div>\n\n\n\n<div class=\"wp-block-uagb-container uagb-block-80ec7fc9\">\n<div class=\"wp-block-uagb-info-box uagb-block-900bc0af uagb-infobox__content-wrap  uagb-infobox-icon-above-title uagb-infobox-image-valign-top\"><div class=\"uagb-ifb-content\"><div class=\"uagb-ifb-title-wrap\"><h2 class=\"uagb-ifb-title\">+18<\/h2><\/div><p class=\"uagb-ifb-desc\">A\u00f1os de experiencia.<\/p><\/div><\/div>\n<\/div>\n<\/div>\n\n\n\n<div class=\"wp-block-uagb-container uagb-block-90f40193\">\n<div class=\"wp-block-uagb-container uagb-block-6e951005\">\n<div class=\"wp-block-uagb-info-box uagb-block-7ed2d2fb uagb-infobox__content-wrap  uagb-infobox-icon-above-title uagb-infobox-image-valign-top\"><div class=\"uagb-ifb-content\"><div class=\"uagb-ifb-title-wrap\"><h2 class=\"uagb-ifb-title\">+000<\/h2><\/div><p class=\"uagb-ifb-desc\">Recurso invertido en nuestros proyectos.<\/p><\/div><\/div>\n<\/div>\n\n\n\n<div class=\"wp-block-uagb-container uagb-block-9db867df\">\n<div class=\"wp-block-uagb-info-box uagb-block-fe162547 uagb-infobox__content-wrap  uagb-infobox-icon-above-title uagb-infobox-image-valign-top\"><div class=\"uagb-ifb-content\"><div class=\"uagb-ifb-title-wrap\"><h2 class=\"uagb-ifb-title\">+100<\/h2><\/div><p class=\"uagb-ifb-desc\">Colaboradores y expertos.<\/p><\/div><\/div>\n<\/div>\n<\/div>\n<\/div>\n<\/div>\n<\/div><\/div>\n\n\n\n<div class=\"wp-block-uagb-container uag-blocks-common-selector uagb-block-d7240986 alignfull uagb-is-root-container\"><div class=\"uagb-container-inner-blocks-wrap\">\n<div class=\"wp-block-uagb-container uagb-block-ca3fb775\">\n<div class=\"wp-block-uagb-container uagb-block-3528773e\">\n<div class=\"wp-block-uagb-advanced-heading uagb-block-6d5d0982\"><h4 class=\"uagb-heading-text\">Construimos sue\u00f1os<\/h4><\/div>\n\n\n\n<div class=\"wp-block-uagb-advanced-heading uagb-block-53da1eb2\"><h2 class=\"uagb-heading-text\">Nuestros servicios<\/h2><\/div>\n<\/div>\n\n\n\n<div class=\"wp-block-uagb-container uagb-block-bca1c712\"><\/div>\n<\/div>\n\n\n\n<div class=\"wp-block-uagb-container uagb-block-9cf78a45\">\n<div class=\"wp-block-uagb-container uagb-block-a34fcda0\">\n<div class=\"wp-block-uagb-info-box uagb-block-e143812c uagb-infobox__content-wrap  uagb-infobox-icon-above-title uagb-infobox-image-valign-top\"><div class=\"uagb-ifb-content\"><div class=\"uagb-ifb-image-content\"><img decoding=\"async\" src=\"https:\/\/arquitectoni-k.com.mx\/AQ\/wp-content\/uploads\/2021\/11\/service-1.jpg\" alt=\"\" width=\"380\" height=\"250\" loading=\"lazy\"\/><\/div><div class=\"uagb-ifb-title-wrap\"><h3 class=\"uagb-ifb-title\">Urbanizaci\u00f3n <\/h3><\/div><p class=\"uagb-ifb-desc\">Calles, terracer\u00edas, Guarniciones, Banquetas, Redes de Agua Potable, Redes de Drenaje Sanitario, Jardiner\u00eda,&nbsp; Canalizaci\u00f3n&nbsp; telef\u00f3nica, Alumbrado P\u00fablico y Obra El\u00e9ctrica de baja y media tensi\u00f3n.<\/p><\/div><\/div>\n<\/div>\n\n\n\n<div class=\"wp-block-uagb-container uagb-block-70b6bab8\">\n<div class=\"wp-block-uagb-info-box uagb-block-ad84b456 uagb-infobox__content-wrap  uagb-infobox-icon-above-title uagb-infobox-image-valign-top\"><div class=\"uagb-ifb-content\"><div class=\"uagb-ifb-image-content\"><img decoding=\"async\" src=\"https:\/\/arquitectoni-k.com.mx\/AQ\/wp-content\/uploads\/2021\/11\/service-2.jpg\" alt=\"\" width=\"380\" height=\"250\" loading=\"lazy\"\/><\/div><div class=\"uagb-ifb-title-wrap\"><h3 class=\"uagb-ifb-title\">Vivienda de Inter\u00e9s Social<\/h3><\/div><p class=\"uagb-ifb-desc\">Promoci\u00f3n, Edificaci\u00f3n, Construcci\u00f3n y Desarrollo&nbsp; de Viviendas de Inter\u00e9s Social.<\/p><\/div><\/div>\n<\/div>\n\n\n\n<div class=\"wp-block-uagb-container uagb-block-17c22628\">\n<div class=\"wp-block-uagb-info-box uagb-block-a3d48abf uagb-infobox__content-wrap  uagb-infobox-icon-above-title uagb-infobox-image-valign-top\"><div class=\"uagb-ifb-content\"><div class=\"uagb-ifb-image-content\"><img decoding=\"async\" src=\"https:\/\/arquitectoni-k.com.mx\/AQ\/wp-content\/uploads\/2021\/11\/service-3.jpg\" alt=\"\" width=\"380\" height=\"250\" loading=\"lazy\"\/><\/div><div class=\"uagb-ifb-title-wrap\"><h3 class=\"uagb-ifb-title\">Infraestructura Carretera<\/h3><\/div><p class=\"uagb-ifb-desc\">Construcci\u00f3n, Reconstrucci\u00f3n, Ampliaci\u00f3n y Obras Complementarias de Carreteras y Puentes (P.I.V, P.S.V, Peatonales).<\/p><\/div><\/div>\n<\/div>\n<\/div>\n<\/div><\/div>\n\n\n\n<div class=\"wp-block-uagb-container uagb-block-636108ea alignfull uagb-is-root-container\">\n<div class=\"wp-block-uagb-container uagb-block-e8b7edf7\">\n<div class=\"wp-block-uagb-advanced-heading uagb-block-23fe545c\"><h4 class=\"uagb-heading-text\">Proyectos sustentables<\/h4><\/div>\n\n\n\n<div class=\"wp-block-uagb-info-box uagb-block-f0ae130a uagb-infobox__content-wrap  uagb-infobox-icon-above-title uagb-infobox-image-valign-top\"><div class=\"uagb-ifb-content\"><div class=\"uagb-ifb-title-wrap\"><h2 class=\"uagb-ifb-title\">Comprometidos con el cumplimiento de las normas vigentes<\/h2><\/div><div class=\"uagb-ifb-button-wrapper wp-block-button\"><a href=\"https:\/\/arquitectoni-k.com.mx\/AQ\/contact\/\" class=\"uagb-infobox-cta-link wp-block-button__link\" target=\"_self\" rel=\"noopener noreferrer\" onclick=\"return true;\" alt=\"\"><span class=\"uagb-inline-editing\">contacto<\/span><\/a><\/div><\/div><\/div>\n<\/div>\n\n\n\n<div class=\"wp-block-uagb-container uagb-block-973ebcf2\">\n<div class=\"wp-block-uagb-advanced-heading uagb-block-bf2efb5b\"><h3 class=\"uagb-heading-text\">Nuestras practicas<\/h3><\/div>\n\n\n\n<div class=\"wp-block-uagb-icon-list uagb-block-1a6ade41\"><div class=\"uagb-icon-list__wrap\">\n<div class=\"wp-block-uagb-icon-list-child uagb-block-c6e2fa8f\"><span class=\"uagb-icon-list__source-wrap\"><svg xmlns=\"https:\/\/www.w3.org\/2000\/svg\" viewBox=\"0 0 512 512\"><path d=\"M180.2 243.1C185 263.9 162.2 280.2 144.1 268.8L119.8 253.6l-50.9 81.43c-13.33 21.32 2.004 48.98 27.15 48.98h32.02c17.64 0 31.98 14.32 31.98 31.96c0 17.64-14.34 32.05-31.98 32.05H96.15c-75.36 0-121.3-82.84-81.47-146.8L65.51 219.8L41.15 204.5C23.04 193.1 27.66 165.5 48.48 160.7l91.43-21.15C148.5 137.7 157.2 142.9 159.2 151.6L180.2 243.1zM283.1 78.96l41.25 66.14l-24.25 15.08c-18.16 11.31-13.57 38.94 7.278 43.77l91.4 21.15c8.622 1.995 17.23-3.387 19.21-12.01l21.04-91.43c4.789-20.81-17.95-37.05-36.07-25.76l-24.36 15.2L337.4 45.14c-37.58-60.14-125.2-60.18-162.8-.0617L167.2 56.9C157.9 71.75 162.5 91.58 177.3 100.9c14.92 9.359 34.77 4.886 44.11-10.04l7.442-11.89C241.6 58.58 270.9 59.33 283.1 78.96zM497.3 301.3l-16.99-27.26c-9.336-14.98-29.06-19.56-44.04-10.21c-14.94 9.318-19.52 29.15-10.18 44.08l16.99 27.15c13.35 21.32-1.984 49-27.14 49h-95.99l.0234-28.74c0-21.38-25.85-32.09-40.97-16.97l-66.41 66.43c-6.222 6.223-6.222 16.41 .0044 22.63l66.42 66.34c15.12 15.1 40.95 4.386 40.95-16.98l-.0234-28.68h95.86C491.2 448.1 537.2 365.2 497.3 301.3z\"><\/path><\/svg><\/span><span class=\"uagb-icon-list__label\">Sustentabilidad<\/span><\/div>\n\n\n\n<div class=\"wp-block-uagb-icon-list-child uagb-block-301c2dad\"><span class=\"uagb-icon-list__source-wrap\"><svg xmlns=\"https:\/\/www.w3.org\/2000\/svg\" viewBox=\"0 0 512 512\"><path d=\"M256 512C114.6 512 0 397.4 0 256C0 114.6 114.6 0 256 0C397.4 0 512 114.6 512 256C512 397.4 397.4 512 256 512zM232 256C232 264 236 271.5 242.7 275.1L338.7 339.1C349.7 347.3 364.6 344.3 371.1 333.3C379.3 322.3 376.3 307.4 365.3 300L280 243.2V120C280 106.7 269.3 96 255.1 96C242.7 96 231.1 106.7 231.1 120L232 256z\"><\/path><\/svg><\/span><span class=\"uagb-icon-list__label\">Proyectos con terminaci\u00f3n en tiempo y forma<\/span><\/div>\n\n\n\n<div class=\"wp-block-uagb-icon-list-child uagb-block-d9b00379\"><span class=\"uagb-icon-list__source-wrap\"><svg xmlns=\"https:\/\/www.w3.org\/2000\/svg\" viewBox=\"0 0 576 512\"><path d=\"M528 0h-480C21.5 0 0 21.5 0 48v320C0 394.5 21.5 416 48 416h192L224 464H152C138.8 464 128 474.8 128 488S138.8 512 152 512h272c13.25 0 24-10.75 24-24s-10.75-24-24-24H352L336 416h192c26.5 0 48-21.5 48-48v-320C576 21.5 554.5 0 528 0zM512 288H64V64h448V288z\"><\/path><\/svg><\/span><span class=\"uagb-icon-list__label\">Tecnolog\u00eda de \u00faltima generaci\u00f3n<\/span><\/div>\n\n\n\n<div class=\"wp-block-uagb-icon-list-child uagb-block-ce0573ac\"><span class=\"uagb-icon-list__source-wrap\"><svg xmlns=\"https:\/\/www.w3.org\/2000\/svg\" viewBox=\"0 0 512 512\"><path d=\"M492.7 42.75C517.7 67.74 517.7 108.3 492.7 133.3L436.3 189.7L322.3 75.72L378.7 19.32C403.7-5.678 444.3-5.678 469.3 19.32L492.7 42.75zM44.89 353.2L299.7 98.34L413.7 212.3L158.8 467.1C152.1 473.8 143.8 478.7 134.6 481.4L30.59 511.1C22.21 513.5 13.19 511.1 7.03 504.1C.8669 498.8-1.47 489.8 .9242 481.4L30.65 377.4C33.26 368.2 38.16 359.9 44.89 353.2zM249.4 103.4L103.4 249.4L16 161.9C-2.745 143.2-2.745 112.8 16 94.06L94.06 16C112.8-2.745 143.2-2.745 161.9 16L181.7 35.76C181.4 36.05 181 36.36 180.7 36.69L116.7 100.7C110.4 106.9 110.4 117.1 116.7 123.3C122.9 129.6 133.1 129.6 139.3 123.3L203.3 59.31C203.6 58.99 203.1 58.65 204.2 58.3L249.4 103.4zM453.7 307.8C453.4 308 453 308.4 452.7 308.7L388.7 372.7C382.4 378.9 382.4 389.1 388.7 395.3C394.9 401.6 405.1 401.6 411.3 395.3L475.3 331.3C475.6 330.1 475.1 330.6 476.2 330.3L496 350.1C514.7 368.8 514.7 399.2 496 417.9L417.9 496C399.2 514.7 368.8 514.7 350.1 496L262.6 408.6L408.6 262.6L453.7 307.8z\"><\/path><\/svg><\/span><span class=\"uagb-icon-list__label\">Dise\u00f1os modernos<\/span><\/div>\n<\/div><\/div>\n<\/div>\n<\/div>\n\n\n\n<div class=\"wp-block-uagb-container uagb-block-bae7bdbc alignfull uagb-is-root-container\"><div class=\"uagb-container-inner-blocks-wrap\">\n<div class=\"wp-block-uagb-container uagb-block-8707a817\">\n<div class=\"wp-block-uagb-container uagb-block-9ce0c30c\">\n<div class=\"wp-block-uagb-advanced-heading uagb-block-ad1e7b4c\"><h2 class=\"uagb-heading-text\">Proyectos  destacados<\/h2><\/div>\n<\/div>\n\n\n\n<div class=\"wp-block-uagb-container uagb-block-b1e39b5b\"><\/div>\n<\/div>\n<\/div><\/div>\n\n\n\n<div class=\"wp-block-uagb-container uagb-block-98952899 alignfull uagb-is-root-container\">\n<div class=\"wp-block-uagb-container uagb-block-74109b94\">\n<div class=\"wp-block-uagb-advanced-heading uagb-block-50018489\"><h3 class=\"uagb-heading-text\">Conjunto habitacional de 80 viviendas<\/h3><p class=\"uagb-desc-text\">tepetitla, Tlaxcala.<\/p><\/div>\n<\/div>\n\n\n\n<div class=\"wp-block-uagb-container uagb-block-303d3ce4\">\n<div class=\"wp-block-uagb-advanced-heading uagb-block-34c1b712\"><h3 class=\"uagb-heading-text\">Construcci\u00f3n de 3 carriles por sentido, incluye entronque PSV Pemex<\/h3><p class=\"uagb-desc-text\">Estado de Mexico.<\/p><\/div>\n<\/div>\n\n\n\n<div class=\"wp-block-uagb-container uagb-block-218a374a\">\n<div class=\"wp-block-uagb-advanced-heading uagb-block-58d11678\"><h3 class=\"uagb-heading-text\">Conjunto habitacional de 212 viviendas <\/h3><p class=\"uagb-desc-text\">Mart\u00ednez de la torre, Veracruz.<\/p><\/div>\n<\/div>\n\n\n\n<div class=\"wp-block-uagb-container uagb-block-c71e3a61\">\n<div class=\"wp-block-uagb-advanced-heading uagb-block-1ad1e0f4\"><h3 class=\"uagb-heading-text\"><strong>Construcci\u00f3n del PSV acceso a bater\u00edas samarias\u200b<\/strong><\/h3><p class=\"uagb-desc-text\">Tabasco.<\/p><\/div>\n<\/div>\n<\/div>\n\n\n\n<div class=\"wp-block-columns is-layout-flex wp-container-core-columns-is-layout-28f84493 wp-block-columns-is-layout-flex\"><\/div>\n","protected":false},"excerpt":{"rendered":"<p>Bienvenidos Construimos el futuro Construimos sue\u00f1os Nuestros servicios Proyectos sustentables Nuestras practicas Proyectos destacados Conjunto habitacional de 80 viviendas tepetitla, Tlaxcala. Construcci\u00f3n de 3 carriles por sentido, incluye entronque PSV Pemex Estado de Mexico. Conjunto habitacional de 212 viviendas Mart\u00ednez de la torre, Veracruz. Construcci\u00f3n del PSV acceso a bater\u00edas samarias\u200b Tabasco.<\/p>\n","protected":false},"author":1,"featured_media":0,"parent":0,"menu_order":0,"comment_status":"closed","ping_status":"closed","template":"","meta":{"_uag_custom_page_level_css":"","site-sidebar-layout":"no-sidebar","site-content-layout":"plain-container","ast-global-header-display":"","ast-banner-title-visibility":"","ast-main-header-display":"","ast-hfb-above-header-display":"","ast-hfb-below-header-display":"","ast-hfb-mobile-header-display":"","site-post-title":"disabled","ast-breadcrumbs-content":"","ast-featured-img":"disabled","footer-sml-layout":"","theme-transparent-header-meta":"enabled","adv-header-id-meta":"","stick-header-meta":"","header-above-stick-meta":"","header-main-stick-meta":"","header-below-stick-meta":"","footnotes":""},"class_list":["post-493","page","type-page","status-publish","hentry"],"uagb_featured_image_src":{"full":false,"thumbnail":false,"medium":false,"medium_large":false,"large":false,"1536x1536":false,"2048x2048":false},"uagb_author_info":{"display_name":"Arquitectoni-k","author_link":"https:\/\/arquitectoni-k.com.mx\/AQ\/author\/arquitectoni-k\/"},"uagb_comment_info":0,"uagb_excerpt":"Bienvenidos Construimos el futuro Construimos sue\u00f1os Nuestros servicios Proyectos sustentables Nuestras practicas Proyectos destacados Conjunto habitacional de 80 viviendas tepetitla, Tlaxcala. Construcci\u00f3n de 3 carriles por sentido, incluye entronque PSV Pemex Estado de Mexico. Conjunto habitacional de 212 viviendas Mart\u00ednez de la torre, Veracruz. Construcci\u00f3n del PSV acceso a bater\u00edas samarias\u200b Tabasco.","_links":{"self":[{"href":"https:\/\/arquitectoni-k.com.mx\/AQ\/wp-json\/wp\/v2\/pages\/493","targetHints":{"allow":["GET"]}}],"collection":[{"href":"https:\/\/arquitectoni-k.com.mx\/AQ\/wp-json\/wp\/v2\/pages"}],"about":[{"href":"https:\/\/arquitectoni-k.com.mx\/AQ\/wp-json\/wp\/v2\/types\/page"}],"author":[{"embeddable":true,"href":"https:\/\/arquitectoni-k.com.mx\/AQ\/wp-json\/wp\/v2\/users\/1"}],"replies":[{"embeddable":true,"href":"https:\/\/arquitectoni-k.com.mx\/AQ\/wp-json\/wp\/v2\/comments?post=493"}],"version-history":[{"count":13,"href":"https:\/\/arquitectoni-k.com.mx\/AQ\/wp-json\/wp\/v2\/pages\/493\/revisions"}],"predecessor-version":[{"id":1187,"href":"https:\/\/arquitectoni-k.com.mx\/AQ\/wp-json\/wp\/v2\/pages\/493\/revisions\/1187"}],"wp:attachment":[{"href":"https:\/\/arquitectoni-k.com.mx\/AQ\/wp-json\/wp\/v2\/media?parent=493"}],"curies":[{"name":"wp","href":"https:\/\/api.w.org\/{rel}","templated":true}]}}